{"id":45,"date":"2022-03-31T15:30:26","date_gmt":"2022-03-31T15:30:26","guid":{"rendered":"https:\/\/casa-nossa.pt\/?page_id=45"},"modified":"2025-05-13T16:28:37","modified_gmt":"2025-05-13T16:28:37","slug":"contas","status":"publish","type":"page","link":"https:\/\/casa-nossa.pt\/?page_id=45","title":{"rendered":"Contas"},"content":{"rendered":"\n<p><\/p>\n\n\n\n<p style=\"font-size:23px\"><a href=\"https:\/\/casa-nossa.pt\/\/wp-content\/uploads\/Contas2024.pdf\"><img loading=\"lazy\" decoding=\"async\" width=\"17\" height=\"17\" class=\"wp-image-52\" style=\"width: 17px;\" src=\"http:\/\/casa-nossa.pt\/wp-content\/uploads\/2022\/03\/pdf_icon-150x150-1.png\" alt=\"\">  Relat\u00f3rio de contas 2024<\/a><\/p>\n\n\n\n<p style=\"font-size:23px\"><a href=\"https:\/\/casa-nossa.pt\/\/wp-content\/uploads\/CONTAS 2023.pdf\"><img loading=\"lazy\" decoding=\"async\" width=\"17\" height=\"17\" class=\"wp-image-52\" style=\"width: 17px;\" src=\"http:\/\/casa-nossa.pt\/wp-content\/uploads\/2022\/03\/pdf_icon-150x150-1.png\" alt=\"\">  Relat\u00f3rio de contas 2023<\/a><\/p>\n\n\n\n<p style=\"font-size:23px\"><a href=\"https:\/\/casa-nossa.pt\/\/wp-content\/uploads\/Contas-2022.pdf\"><img loading=\"lazy\" decoding=\"async\" width=\"17\" height=\"17\" class=\"wp-image-52\" style=\"width: 17px;\" src=\"http:\/\/casa-nossa.pt\/wp-content\/uploads\/2022\/03\/pdf_icon-150x150-1.png\" alt=\"\">  Relat\u00f3rio de contas 2022<\/a><\/p>\n\n\n\n<p style=\"font-size:23px\"><a href=\"https:\/\/casa-nossa.pt\/\/wp-content\/uploads\/Contas-2021.pdf\"><img loading=\"lazy\" decoding=\"async\" width=\"17\" height=\"17\" class=\"wp-image-52\" style=\"width: 17px;\" src=\"http:\/\/casa-nossa.pt\/wp-content\/uploads\/2022\/03\/pdf_icon-150x150-1.png\" alt=\"\">  Relat\u00f3rio de contas 2021<\/a><\/p>\n\n\n\n<p style=\"font-size:23px\"><a href=\"https:\/\/casa-nossa.pt\/\/wp-content\/uploads\/Contas-2020.pdf\"><img loading=\"lazy\" decoding=\"async\" width=\"17\" height=\"17\" class=\"wp-image-52\" style=\"width: 17px;\" src=\"http:\/\/casa-nossa.pt\/wp-content\/uploads\/2022\/03\/pdf_icon-150x150-1.png\" alt=\"\">  Relat\u00f3rio de contas 2020<\/a><\/p>\n\n\n\n<p style=\"font-size:23px\"><a href=\"https:\/\/casa-nossa.pt\/\/wp-content\/uploads\/Contas-2019.pdf\"><img loading=\"lazy\" decoding=\"async\" width=\"17\" height=\"17\" class=\"wp-image-52\" style=\"width: 17px;\" src=\"http:\/\/casa-nossa.pt\/wp-content\/uploads\/2022\/03\/pdf_icon-150x150-1.png\" alt=\"\">  Relat\u00f3rio de contas 2019<\/a><\/p>\n\n\n\n<p style=\"font-size:23px\"><a href=\"https:\/\/casa-nossa.pt\/\/wp-content\/uploads\/Contas-2018.pdf\"><img loading=\"lazy\" decoding=\"async\" width=\"17\" height=\"17\" class=\"wp-image-52\" style=\"width: 17px;\" src=\"http:\/\/casa-nossa.pt\/wp-content\/uploads\/2022\/03\/pdf_icon-150x150-1.png\" alt=\"\">  Relat\u00f3rio de contas 2018<\/a><\/p>\n\n\n\n<p style=\"font-size:23px\"><a href=\"https:\/\/casa-nossa.pt\/\/wp-content\/uploads\/Contas-2017.pdf\"><img loading=\"lazy\" decoding=\"async\" width=\"17\" height=\"17\" class=\"wp-image-52\" style=\"width: 17px;\" src=\"http:\/\/casa-nossa.pt\/wp-content\/uploads\/2022\/03\/pdf_icon-150x150-1.png\" alt=\"\">  Relat\u00f3rio de contas 2017<\/a><\/p>\n","protected":false},"excerpt":{"rendered":"<p>Relat\u00f3rio de contas 2024 Relat\u00f3rio de contas 2023 Relat\u00f3rio de contas 2022 Relat\u00f3rio de contas 2021 Relat\u00f3rio de contas 2020 Relat\u00f3rio de contas 2019 Relat\u00f3rio de contas 2018 Relat\u00f3rio de contas 2017<\/p>\n","protected":false},"author":1,"featured_media":0,"parent":0,"menu_order":0,"comment_status":"closed","ping_status":"closed","template":"","meta":{"footnotes":""},"class_list":["post-45","page","type-page","status-publish","hentry"],"_links":{"self":[{"href":"https:\/\/casa-nossa.pt\/index.php?rest_route=\/wp\/v2\/pages\/45","targetHints":{"allow":["GET"]}}],"collection":[{"href":"https:\/\/casa-nossa.pt\/index.php?rest_route=\/wp\/v2\/pages"}],"about":[{"href":"https:\/\/casa-nossa.pt\/index.php?rest_route=\/wp\/v2\/types\/page"}],"author":[{"embeddable":true,"href":"https:\/\/casa-nossa.pt\/index.php?rest_route=\/wp\/v2\/users\/1"}],"replies":[{"embeddable":true,"href":"https:\/\/casa-nossa.pt\/index.php?rest_route=%2Fwp%2Fv2%2Fcomments&post=45"}],"version-history":[{"count":15,"href":"https:\/\/casa-nossa.pt\/index.php?rest_route=\/wp\/v2\/pages\/45\/revisions"}],"predecessor-version":[{"id":82,"href":"https:\/\/casa-nossa.pt\/index.php?rest_route=\/wp\/v2\/pages\/45\/revisions\/82"}],"wp:attachment":[{"href":"https:\/\/casa-nossa.pt\/index.php?rest_route=%2Fwp%2Fv2%2Fmedia&parent=45"}],"curies":[{"name":"wp","href":"https:\/\/api.w.org\/{rel}","templated":true}]}}