{"id":4,"date":"2014-05-30T17:47:07","date_gmt":"2014-05-30T17:47:07","guid":{"rendered":"http:\/\/localhost\/CasaNossa\/?page_id=4"},"modified":"2023-02-15T11:47:31","modified_gmt":"2023-02-15T11:47:31","slug":"contactos","status":"publish","type":"page","link":"https:\/\/casa-nossa.pt\/?page_id=4","title":{"rendered":"Contactos"},"content":{"rendered":"<p><strong>Localiza\u00e7\u00e3o:<\/strong><\/p>\n<p><iframe loading=\"lazy\" style=\"border: 0;\" src=\"https:\/\/www.google.com\/maps\/embed?pb=!1m14!1m8!1m3!1d4955.596056707951!2d-7.695419!3d40.886654!3m2!1i1024!2i768!4f13.1!3m3!1m2!1s0x0%3A0x1123ba13991b5235!2sCasa+Nossa+-+Associa%C3%A7%C3%A3o+de+Solidariedade+Social+de+S%C3%A3o+Martinho!5e1!3m2!1spt-PT!2s!4v1401471819224\" width=\"600\" height=\"450\" frameborder=\"0\"><\/iframe><\/p>\n<p><strong>Contactos:<\/strong><\/p>\n<p><strong>Telefone:<\/strong> 232 607 239 (Chamada para a rede fixa nacional)<\/p>\n<p><strong>Telem\u00f3vel:<\/strong> 935 934 970 (Chamada para a rede m\u00f3vel nacional)<\/p>\n<p><strong>E-mail:<\/strong> casa_nossa@sapo.pt<\/p>\n<p><strong>Morada:<\/strong> Av. Dr. Manuel Ferreira Pinto n\u00ba 87<br \/>\nS. Martinho,<br \/>\n3620 \u2013 442 MOIMENTA DA BEIRA<\/p>\n<p><strong>NIF:<\/strong> 504 510 819<\/p>\n","protected":false},"excerpt":{"rendered":"<p>Localiza\u00e7\u00e3o: Contactos: Telefone: 232 607 239 (Chamada para a rede fixa nacional) Telem\u00f3vel: 935 934 970 (Chamada para a rede m\u00f3vel nacional) E-mail: casa_nossa@sapo.pt Morada: Av. Dr. Manuel Ferreira Pinto n\u00ba 87 S. Martinho, 3620 \u2013 442 MOIMENTA DA BEIRA NIF: 504 510 819<\/p>\n","protected":false},"author":1,"featured_media":0,"parent":0,"menu_order":6,"comment_status":"closed","ping_status":"open","template":"","meta":{"footnotes":""},"class_list":["post-4","page","type-page","status-publish","hentry"],"_links":{"self":[{"href":"https:\/\/casa-nossa.pt\/index.php?rest_route=\/wp\/v2\/pages\/4","targetHints":{"allow":["GET"]}}],"collection":[{"href":"https:\/\/casa-nossa.pt\/index.php?rest_route=\/wp\/v2\/pages"}],"about":[{"href":"https:\/\/casa-nossa.pt\/index.php?rest_route=\/wp\/v2\/types\/page"}],"author":[{"embeddable":true,"href":"https:\/\/casa-nossa.pt\/index.php?rest_route=\/wp\/v2\/users\/1"}],"replies":[{"embeddable":true,"href":"https:\/\/casa-nossa.pt\/index.php?rest_route=%2Fwp%2Fv2%2Fcomments&post=4"}],"version-history":[{"count":4,"href":"https:\/\/casa-nossa.pt\/index.php?rest_route=\/wp\/v2\/pages\/4\/revisions"}],"predecessor-version":[{"id":68,"href":"https:\/\/casa-nossa.pt\/index.php?rest_route=\/wp\/v2\/pages\/4\/revisions\/68"}],"wp:attachment":[{"href":"https:\/\/casa-nossa.pt\/index.php?rest_route=%2Fwp%2Fv2%2Fmedia&parent=4"}],"curies":[{"name":"wp","href":"https:\/\/api.w.org\/{rel}","templated":true}]}}