{"id":11,"date":"2014-05-30T18:45:09","date_gmt":"2014-05-30T18:45:09","guid":{"rendered":"http:\/\/localhost\/CasaNossa\/?page_id=11"},"modified":"2023-02-15T11:49:09","modified_gmt":"2023-02-15T11:49:09","slug":"directores","status":"publish","type":"page","link":"http:\/\/casa-nossa.pt\/?page_id=11","title":{"rendered":"Directores"},"content":{"rendered":"<div id=\"right\">\n<p>LUIS DOS SANTOS AFONSO<\/p>\n<p>\u00a0\u00a0\u00a0\u00a0LU\u00cdS GOMES<\/p>\n<p>\u00a0\u00a0\u00a0\u00a0\u00a0\u00a0\u00a0\u00a0AUGUSTO RODRIGUES RAMOS AFONSO<\/p>\n<p>\u00a0 \u00a0 \u00a0 \u00a0 \u00a0 \u00a0 ALBERTO MANUEL PARENTE RIBEIRO<\/p>\n<p>\u00a0 \u00a0 \u00a0 \u00a0 \u00a0 \u00a0 \u00a0 \u00a0 JOS\u00c9 ANT\u00d3NIO APAR\u00cdCIO DE CARVALHO<\/p>\n<\/div>\n\n\n<p><\/p>\n","protected":false},"excerpt":{"rendered":"<p>LUIS DOS SANTOS AFONSO \u00a0\u00a0\u00a0\u00a0LU\u00cdS GOMES \u00a0\u00a0\u00a0\u00a0\u00a0\u00a0\u00a0\u00a0AUGUSTO RODRIGUES RAMOS AFONSO \u00a0 \u00a0 \u00a0 \u00a0 \u00a0 \u00a0 ALBERTO MANUEL PARENTE RIBEIRO \u00a0 \u00a0 \u00a0 \u00a0 \u00a0 \u00a0 \u00a0 \u00a0 JOS\u00c9 ANT\u00d3NIO APAR\u00cdCIO DE CARVALHO<\/p>\n","protected":false},"author":1,"featured_media":0,"parent":0,"menu_order":2,"comment_status":"closed","ping_status":"open","template":"","meta":{"footnotes":""},"class_list":["post-11","page","type-page","status-publish","hentry"],"_links":{"self":[{"href":"http:\/\/casa-nossa.pt\/index.php?rest_route=\/wp\/v2\/pages\/11","targetHints":{"allow":["GET"]}}],"collection":[{"href":"http:\/\/casa-nossa.pt\/index.php?rest_route=\/wp\/v2\/pages"}],"about":[{"href":"http:\/\/casa-nossa.pt\/index.php?rest_route=\/wp\/v2\/types\/page"}],"author":[{"embeddable":true,"href":"http:\/\/casa-nossa.pt\/index.php?rest_route=\/wp\/v2\/users\/1"}],"replies":[{"embeddable":true,"href":"http:\/\/casa-nossa.pt\/index.php?rest_route=%2Fwp%2Fv2%2Fcomments&post=11"}],"version-history":[{"count":5,"href":"http:\/\/casa-nossa.pt\/index.php?rest_route=\/wp\/v2\/pages\/11\/revisions"}],"predecessor-version":[{"id":70,"href":"http:\/\/casa-nossa.pt\/index.php?rest_route=\/wp\/v2\/pages\/11\/revisions\/70"}],"wp:attachment":[{"href":"http:\/\/casa-nossa.pt\/index.php?rest_route=%2Fwp%2Fv2%2Fmedia&parent=11"}],"curies":[{"name":"wp","href":"https:\/\/api.w.org\/{rel}","templated":true}]}}